{"id":22819,"date":"2018-01-03T16:27:12","date_gmt":"2018-01-03T15:27:12","guid":{"rendered":"http:\/\/www.frullani.com\/?page_id=22819"},"modified":"2018-03-13T15:39:21","modified_gmt":"2018-03-13T14:39:21","slug":"progettazione-costruzione-realizzazione-giardini","status":"publish","type":"page","link":"http:\/\/www.frullani.com\/en_US\/giardini\/progettazione-costruzione-realizzazione-giardini\/","title":{"rendered":"Progettazione, costruzione e realizzazione giardini"},"content":{"rendered":"<p>[vc_row row_type=&#8221;row&#8221; use_row_as_full_screen_section=&#8221;no&#8221; type=&#8221;full_width&#8221; text_align=&#8221;left&#8221; css_animation=&#8221;&#8221;][vc_column width=&#8221;1\/6&#8243;][\/vc_column][vc_column width=&#8221;4\/6&#8243;][\/vc_column][vc_column width=&#8221;1\/6&#8243;][\/vc_column][\/vc_row][vc_row row_type=&#8221;row&#8221; use_row_as_full_screen_section=&#8221;no&#8221; type=&#8221;full_width&#8221; text_align=&#8221;left&#8221; css_animation=&#8221;&#8221;][vc_column][vc_column_text]<\/p>\n<p>[\/vc_column_text][\/vc_column][\/vc_row][vc_row row_type=&#8221;row&#8221; use_row_as_full_screen_section=&#8221;no&#8221; type=&#8221;full_width&#8221; text_align=&#8221;left&#8221; css_animation=&#8221;&#8221;][vc_column width=&#8221;1\/6&#8243;][\/vc_column][vc_column width=&#8221;4\/6&#8243;][vc_column_text]<a href=\"http:\/\/www.frullani.com\/it_IT\/\" target=\"_blank\"><img loading=\"lazy\" class=\"size-medium wp-image-21876 aligncenter\" src=\"http:\/\/www.frullani.com\/wp-content\/uploads\/2014\/11\/scritta-Frullani2-300x113.png\" alt=\"\" width=\"300\" height=\"113\" srcset=\"http:\/\/www.frullani.com\/wp-content\/uploads\/2014\/11\/scritta-Frullani2-300x113.png 300w, http:\/\/www.frullani.com\/wp-content\/uploads\/2014\/11\/scritta-Frullani2-700x264.png 700w, http:\/\/www.frullani.com\/wp-content\/uploads\/2014\/11\/scritta-Frullani2.png 740w\" sizes=\"(max-width: 300px) 100vw, 300px\" \/><\/a>[\/vc_column_text][vc_column_text]<\/p>\n<h1 style=\"text-align: center; font-size: x-large;\">Regalati atmosfere da sogno<\/h1>\n<h1 style=\"text-align: center; font-size: x-large;\">Frullani Luxury Gardens: molto pi\u00f9 di semplici giardini<\/h1>\n<p>[\/vc_column_text][vc_empty_space height=&#8221;20px&#8221;][vc_single_image image=&#8221;22783&#8243; img_size=&#8221;full&#8221; alignment=&#8221;center&#8221; qode_css_animation=&#8221;&#8221;][vc_empty_space height=&#8221;40px&#8221;][vc_column_text]<\/p>\n<h1 style=\"text-align: center; font-size: x-large;\">Giardini cuciti su misura: unici e irripetibili<\/h1>\n<h1 style=\"text-align: center; font-size: x-large;\">Sintesi perfette tra originalit\u00e0 e comfort<\/h1>\n<h1 style=\"text-align: center; font-size: x-large;\"><\/h1>\n<p>[\/vc_column_text][vc_empty_space height=&#8221;20px&#8221;][vc_separator type=&#8221;normal&#8221; border_style=&#8221;&#8221;][vc_column_text]<\/p>\n<h3 style=\"text-align: center;\">Mettiamo passione e conoscenza per realizzare giardini che diano sensazioni totalizzanti<\/h3>\n<p style=\"text-align: justify;\">Il nostro obiettivo \u00e8 quello di ideare e realizzare non semplici giardini ma <strong>atmosfere verdi<\/strong>, in cui colori, suoni, profumi, ricordi ed emozioni si mescolino in modo da <strong>appagare i sensi<\/strong> e stimolino il rilascio di endorfine, che rilassano e liberano la mente da stanchezza ed ansia.<\/p>\n<p style=\"text-align: justify;\">Accompagniamo i nostri clienti in un percorso stupefacente ed emozionante in cui <strong>ogni scelta viene condivisa ed \u00e8 figlia dell&#8217;ascolto delle esigenze di chi vivr\u00e0 il giardino e del nostro know-how.<\/strong><\/p>\n<p style=\"text-align: justify;\">Vogliamo farti provare le stesse sensazioni che si provano indossando un <strong>abito su misura<\/strong>.<\/p>\n<p style=\"text-align: justify;\"><em>Non vogliamo realizzare un giardino, ma il \u201ctuo giardino\u201d, in cui non ti stancherai di passare del tempo, perch\u00e9 il tempo di qualit\u00e0 non \u00e8 mai abbastanza.<\/em><\/p>\n<p style=\"text-align: justify;\">Un paesaggista, con esperienza decennale, <strong>\u00e8 pronto ad ascoltare le tue richieste<\/strong>, trasformandole in un progetto di design; grazie ai rendering 3D vedrai\u00a0il tuo giardino completo prima dell&#8217;inizio dei lavori, questo ti permetter\u00e0 di capire veramente cosa andremo a realizzare.<\/p>\n<p>[\/vc_column_text][vc_separator type=&#8221;normal&#8221; border_style=&#8221;&#8221;][vc_empty_space height=&#8221;20px&#8221;][vc_column_text]<\/p>\n<h1 style=\"text-align: center; font-size: x-large;\">Guarda alcune atmosfere che abbiamo ideato<\/h1>\n<p>[\/vc_column_text][vc_empty_space height=&#8221;20px&#8221;][vc_gallery type=&#8221;image_grid&#8221; images=&#8221;22902,22903,22904,22905,22906,22907,22908,22909,22910&#8243; column_number=&#8221;3&#8243; grayscale=&#8221;no&#8221; space_between_images=&#8221;no&#8221;][vc_empty_space height=&#8221;20px&#8221;][\/vc_column][vc_column width=&#8221;1\/6&#8243;][\/vc_column][\/vc_row][vc_row row_type=&#8221;row&#8221; use_row_as_full_screen_section=&#8221;no&#8221; type=&#8221;full_width&#8221; text_align=&#8221;left&#8221; css_animation=&#8221;&#8221;][vc_column width=&#8221;1\/6&#8243;][\/vc_column][vc_column width=&#8221;4\/6&#8243;]<div class='service_table_holder'><ul class='service_table_inner'><li class='service_table_title_holder background_color_type' style=''><div class='service_table_title_inner'><div class='service_table_title_inner2'><h4 class='service_title' style=''>COMPILA IL FORM PER RICHIEDERE UN SOPRALLUOGO GRATUITO<\/h4><\/div><\/div><\/li><li class='service_icon' style=''><\/li><li class='service_table_content' style=''><\/li><\/ul><\/div><div class=\"wpcf7 no-js\" id=\"wpcf7-f22807-o1\" lang=\"it-IT\" dir=\"ltr\">\n<div class=\"screen-reader-response\"><p role=\"status\" aria-live=\"polite\" aria-atomic=\"true\"><\/p> <ul><\/ul><\/div>\n<form action=\"\/en_US\/wp-json\/wp\/v2\/pages\/22819#wpcf7-f22807-o1\" method=\"post\" class=\"wpcf7-form init default\" aria-label=\"Modulo di contatto\" novalidate=\"novalidate\" data-status=\"init\">\n<div style=\"display: none;\">\n<input type=\"hidden\" name=\"_wpcf7\" value=\"22807\" \/>\n<input type=\"hidden\" name=\"_wpcf7_version\" value=\"5.7.1\" \/>\n<input type=\"hidden\" name=\"_wpcf7_locale\" value=\"it_IT\" \/>\n<input type=\"hidden\" name=\"_wpcf7_unit_tag\" value=\"wpcf7-f22807-o1\" \/>\n<input type=\"hidden\" name=\"_wpcf7_container_post\" value=\"0\" \/>\n<input type=\"hidden\" name=\"_wpcf7_posted_data_hash\" value=\"\" \/>\n<\/div>\n<p>Il tuo nome (richiesto)\n<\/p>\n<p><span class=\"wpcf7-form-control-wrap\" data-name=\"your-name\"><input size=\"40\" class=\"wpcf7-form-control wpcf7-text wpcf7-validates-as-required\" aria-required=\"true\" aria-invalid=\"false\" value=\"\" type=\"text\" name=\"your-name\" \/><\/span>\n<\/p>\n<p>La tua email (richiesto)\n<\/p>\n<p><span class=\"wpcf7-form-control-wrap\" data-name=\"your-email\"><input size=\"40\" class=\"wpcf7-form-control wpcf7-text wpcf7-email wpcf7-validates-as-required wpcf7-validates-as-email\" aria-required=\"true\" aria-invalid=\"false\" value=\"\" type=\"email\" name=\"your-email\" \/><\/span>\n<\/p>\n<p>Oggetto\n<\/p>\n<p><span class=\"wpcf7-form-control-wrap\" data-name=\"your-subject\"><input size=\"40\" class=\"wpcf7-form-control wpcf7-text\" aria-invalid=\"false\" value=\"\" type=\"text\" name=\"your-subject\" \/><\/span>\n<\/p>\n<p>N. tel\n<\/p>\n<p><span class=\"wpcf7-form-control-wrap\" data-name=\"number-607\"><input class=\"wpcf7-form-control wpcf7-number wpcf7-validates-as-number\" aria-invalid=\"false\" value=\"\" type=\"number\" name=\"number-607\" \/><\/span>\n<\/p>\n<p>Il tuo messaggio\n<\/p>\n<p><span class=\"wpcf7-form-control-wrap\" data-name=\"your-message\"><textarea cols=\"40\" rows=\"10\" class=\"wpcf7-form-control wpcf7-textarea\" aria-invalid=\"false\" name=\"your-message\"><\/textarea><\/span>\n<\/p>\n<p>Accettazione privacy\n<\/p>\n<p><span class=\"wpcf7-form-control-wrap\" data-name=\"acceptance-109\"><span class=\"wpcf7-form-control wpcf7-acceptance\"><span class=\"wpcf7-list-item\"><input type=\"checkbox\" name=\"acceptance-109\" value=\"1\" checked=\"checked\" aria-invalid=\"false\" \/><\/span><\/span><\/span>\n<\/p>\n<p><input class=\"wpcf7-form-control has-spinner wpcf7-submit\" type=\"submit\" value=\"Invia\" \/>\n<\/p><div class=\"wpcf7-response-output\" aria-hidden=\"true\"><\/div><\/form><\/div>[vc_empty_space height=&#8221;10px&#8221;][vc_column_text]<\/p>\n<p style=\"text-align: left;\"><strong>Frullani Group<\/strong> ci occupiamo di outdoor da oltre 20 anni,<\/p>\n<p style=\"text-align: left;\">scrivici senza impegno compilando i campi qui sopra.<\/p>\n<p>[\/vc_column_text][vc_empty_space height=&#8221;100px&#8221;][\/vc_column][vc_column width=&#8221;1\/6&#8243;][\/vc_column][\/vc_row][vc_row row_type=&#8221;row&#8221; use_row_as_full_screen_section=&#8221;no&#8221; type=&#8221;full_width&#8221; text_align=&#8221;left&#8221; css_animation=&#8221;&#8221;][vc_column][vc_empty_space height=&#8221;100px&#8221;][\/vc_column][\/vc_row][vc_row row_type=&#8221;row&#8221; use_row_as_full_screen_section=&#8221;no&#8221; type=&#8221;full_width&#8221; text_align=&#8221;left&#8221; css_animation=&#8221;&#8221;][vc_column][vc_column_text]<em>ristrutturare il giardino &#8211;\u00a0realizzazione giardini privati &#8211;\u00a0progettare un giardino &#8211;\u00a0costruire giardini &#8211;\u00a0progettare\u00a0giardini rocciosi -design giardini esterni &#8211; ristrutturazione giardini &#8211; realizzazione giardini &#8211; giardini moderni &#8211; progettazione giardini privati &#8211; ristrutturazione giardino &#8211; \u00a0ristrutturare giardini &#8211;\u00a0progettista di giardini &#8211; giardini lusso &#8211; design giardini &#8211;\u00a0giardini minimal &#8211; progettazione giardini &#8211; giardini esterni moderni &#8211; giardini lussuosi &#8211; terrazzi giardino &#8211; architetto giardino &#8211; costruzione giardini &#8211; architetti per giardini &#8211; designer giardini &#8211; realizzare giardino &#8211; giardino lusso &#8211; architetti giardini &#8211; progettazioni giardini &#8211; giardino in terrazza &#8211; creazioni giardini &#8211; \u00a0giardini di design<\/em>[\/vc_column_text][\/vc_column][\/vc_row][vc_row row_type=&#8221;row&#8221; use_row_as_full_screen_section=&#8221;no&#8221; type=&#8221;full_width&#8221; text_align=&#8221;left&#8221; css_animation=&#8221;&#8221;][vc_column]<a href=\"\" target=\"_self\"  class=\"qbutton \" style=\"\"><\/a>[\/vc_column][\/vc_row][vc_row row_type=&#8221;row&#8221; use_row_as_full_screen_section=&#8221;no&#8221; type=&#8221;full_width&#8221; text_align=&#8221;left&#8221; css_animation=&#8221;&#8221;][vc_column][vc_separator type=&#8221;normal&#8221; border_style=&#8221;&#8221;][\/vc_column][\/vc_row]<\/p>\n","protected":false},"excerpt":{"rendered":"<p>[vc_row row_type=&#8221;row&#8221; use_row_as_full_screen_section=&#8221;no&#8221; type=&#8221;full_width&#8221; text_align=&#8221;left&#8221; css_animation=&#8221;&#8221;][vc_column width=&#8221;1\/6&#8243;][\/vc_column][vc_column width=&#8221;4\/6&#8243;][\/vc_column][vc_column width=&#8221;1\/6&#8243;][\/vc_column][\/vc_row][vc_row row_type=&#8221;row&#8221; use_row_as_full_screen_section=&#8221;no&#8221; type=&#8221;full_width&#8221; text_align=&#8221;left&#8221; css_animation=&#8221;&#8221;][vc_column][vc_column_text] [\/vc_column_text][\/vc_column][\/vc_row][vc_row row_type=&#8221;row&#8221; use_row_as_full_screen_section=&#8221;no&#8221; type=&#8221;full_width&#8221; text_align=&#8221;left&#8221; css_animation=&#8221;&#8221;][vc_column width=&#8221;1\/6&#8243;][\/vc_column][vc_column width=&#8221;4\/6&#8243;][vc_column_text][\/vc_column_text][vc_column_text] Regalati atmosfere da sogno Frullani Luxury Gardens: molto pi\u00f9 di semplici giardini [\/vc_column_text][vc_empty_space height=&#8221;20px&#8221;][vc_single_image image=&#8221;22783&#8243; img_size=&#8221;full&#8221; alignment=&#8221;center&#8221; qode_css_animation=&#8221;&#8221;][vc_empty_space height=&#8221;40px&#8221;][vc_column_text] Giardini cuciti su misura:&#8230;<\/p>\n","protected":false},"author":2,"featured_media":0,"parent":22777,"menu_order":0,"comment_status":"closed","ping_status":"closed","template":"landing.php","meta":{"_mi_skip_tracking":false},"yoast_head":"<!-- This site is optimized with the Yoast SEO plugin v19.13 - https:\/\/yoast.com\/wordpress\/plugins\/seo\/ -->\n<title>Progettazione, costruzione e realizzazione giardini - Frullani Group<\/title>\n<meta name=\"robots\" content=\"index, follow, max-snippet:-1, max-image-preview:large, max-video-preview:-1\" \/>\n<link rel=\"canonical\" href=\"http:\/\/www.frullani.com\/giardini\/progettazione-costruzione-realizzazione-giardini\/\" \/>\n<meta property=\"og:locale\" content=\"it_IT\" \/>\n<meta property=\"og:type\" content=\"article\" \/>\n<meta property=\"og:title\" content=\"Progettazione, costruzione e realizzazione giardini - Frullani Group\" \/>\n<meta property=\"og:description\" content=\"[vc_row row_type=&#8221;row&#8221; use_row_as_full_screen_section=&#8221;no&#8221; type=&#8221;full_width&#8221; text_align=&#8221;left&#8221; css_animation=&#8221;&#8221;][vc_column width=&#8221;1\/6&#8243;][\/vc_column][vc_column width=&#8221;4\/6&#8243;][\/vc_column][vc_column width=&#8221;1\/6&#8243;][\/vc_column][\/vc_row][vc_row row_type=&#8221;row&#8221; use_row_as_full_screen_section=&#8221;no&#8221; type=&#8221;full_width&#8221; text_align=&#8221;left&#8221; css_animation=&#8221;&#8221;][vc_column][vc_column_text] [\/vc_column_text][\/vc_column][\/vc_row][vc_row row_type=&#8221;row&#8221; use_row_as_full_screen_section=&#8221;no&#8221; type=&#8221;full_width&#8221; text_align=&#8221;left&#8221; css_animation=&#8221;&#8221;][vc_column width=&#8221;1\/6&#8243;][\/vc_column][vc_column width=&#8221;4\/6&#8243;][vc_column_text][\/vc_column_text][vc_column_text] Regalati atmosfere da sogno Frullani Luxury Gardens: molto pi\u00f9 di semplici giardini [\/vc_column_text][vc_empty_space height=&#8221;20px&#8221;][vc_single_image image=&#8221;22783&#8243; img_size=&#8221;full&#8221; alignment=&#8221;center&#8221; qode_css_animation=&#8221;&#8221;][vc_empty_space height=&#8221;40px&#8221;][vc_column_text] Giardini cuciti su misura:...\" \/>\n<meta property=\"og:url\" content=\"http:\/\/www.frullani.com\/giardini\/progettazione-costruzione-realizzazione-giardini\/\" \/>\n<meta property=\"og:site_name\" content=\"Frullani Group\" \/>\n<meta property=\"article:modified_time\" content=\"2018-03-13T14:39:21+00:00\" \/>\n<meta property=\"og:image\" content=\"http:\/\/www.frullani.com\/wp-content\/uploads\/2014\/11\/scritta-Frullani2-300x113.png\" \/>\n<meta name=\"twitter:card\" content=\"summary_large_image\" \/>\n<meta name=\"twitter:label1\" content=\"Tempo di lettura stimato\" \/>\n\t<meta name=\"twitter:data1\" content=\"4 minuti\" \/>\n<script type=\"application\/ld+json\" class=\"yoast-schema-graph\">{\"@context\":\"https:\/\/schema.org\",\"@graph\":[{\"@type\":\"WebPage\",\"@id\":\"http:\/\/www.frullani.com\/giardini\/progettazione-costruzione-realizzazione-giardini\/\",\"url\":\"http:\/\/www.frullani.com\/giardini\/progettazione-costruzione-realizzazione-giardini\/\",\"name\":\"Progettazione, costruzione e realizzazione giardini - Frullani Group\",\"isPartOf\":{\"@id\":\"http:\/\/www.frullani.com\/#website\"},\"datePublished\":\"2018-01-03T15:27:12+00:00\",\"dateModified\":\"2018-03-13T14:39:21+00:00\",\"breadcrumb\":{\"@id\":\"http:\/\/www.frullani.com\/giardini\/progettazione-costruzione-realizzazione-giardini\/#breadcrumb\"},\"inLanguage\":\"it-IT\",\"potentialAction\":[{\"@type\":\"ReadAction\",\"target\":[\"http:\/\/www.frullani.com\/giardini\/progettazione-costruzione-realizzazione-giardini\/\"]}]},{\"@type\":\"BreadcrumbList\",\"@id\":\"http:\/\/www.frullani.com\/giardini\/progettazione-costruzione-realizzazione-giardini\/#breadcrumb\",\"itemListElement\":[{\"@type\":\"ListItem\",\"position\":1,\"name\":\"Home\",\"item\":\"http:\/\/www.frullani.com\/\"},{\"@type\":\"ListItem\",\"position\":2,\"name\":\"Giardini\",\"item\":\"http:\/\/www.frullani.com\/giardini\/\"},{\"@type\":\"ListItem\",\"position\":3,\"name\":\"Progettazione, costruzione e realizzazione giardini\"}]},{\"@type\":\"WebSite\",\"@id\":\"http:\/\/www.frullani.com\/#website\",\"url\":\"http:\/\/www.frullani.com\/\",\"name\":\"Frullani Group\",\"description\":\"Crafting Outdoor Experiences\",\"potentialAction\":[{\"@type\":\"SearchAction\",\"target\":{\"@type\":\"EntryPoint\",\"urlTemplate\":\"http:\/\/www.frullani.com\/?s={search_term_string}\"},\"query-input\":\"required name=search_term_string\"}],\"inLanguage\":\"it-IT\"}]}<\/script>\n<!-- \/ Yoast SEO plugin. -->","yoast_head_json":{"title":"Progettazione, costruzione e realizzazione giardini - Frullani Group","robots":{"index":"index","follow":"follow","max-snippet":"max-snippet:-1","max-image-preview":"max-image-preview:large","max-video-preview":"max-video-preview:-1"},"canonical":"http:\/\/www.frullani.com\/giardini\/progettazione-costruzione-realizzazione-giardini\/","og_locale":"it_IT","og_type":"article","og_title":"Progettazione, costruzione e realizzazione giardini - Frullani Group","og_description":"[vc_row row_type=&#8221;row&#8221; use_row_as_full_screen_section=&#8221;no&#8221; type=&#8221;full_width&#8221; text_align=&#8221;left&#8221; css_animation=&#8221;&#8221;][vc_column width=&#8221;1\/6&#8243;][\/vc_column][vc_column width=&#8221;4\/6&#8243;][\/vc_column][vc_column width=&#8221;1\/6&#8243;][\/vc_column][\/vc_row][vc_row row_type=&#8221;row&#8221; use_row_as_full_screen_section=&#8221;no&#8221; type=&#8221;full_width&#8221; text_align=&#8221;left&#8221; css_animation=&#8221;&#8221;][vc_column][vc_column_text] [\/vc_column_text][\/vc_column][\/vc_row][vc_row row_type=&#8221;row&#8221; use_row_as_full_screen_section=&#8221;no&#8221; type=&#8221;full_width&#8221; text_align=&#8221;left&#8221; css_animation=&#8221;&#8221;][vc_column width=&#8221;1\/6&#8243;][\/vc_column][vc_column width=&#8221;4\/6&#8243;][vc_column_text][\/vc_column_text][vc_column_text] Regalati atmosfere da sogno Frullani Luxury Gardens: molto pi\u00f9 di semplici giardini [\/vc_column_text][vc_empty_space height=&#8221;20px&#8221;][vc_single_image image=&#8221;22783&#8243; img_size=&#8221;full&#8221; alignment=&#8221;center&#8221; qode_css_animation=&#8221;&#8221;][vc_empty_space height=&#8221;40px&#8221;][vc_column_text] Giardini cuciti su misura:...","og_url":"http:\/\/www.frullani.com\/giardini\/progettazione-costruzione-realizzazione-giardini\/","og_site_name":"Frullani Group","article_modified_time":"2018-03-13T14:39:21+00:00","og_image":[{"url":"http:\/\/www.frullani.com\/wp-content\/uploads\/2014\/11\/scritta-Frullani2-300x113.png"}],"twitter_card":"summary_large_image","twitter_misc":{"Tempo di lettura stimato":"4 minuti"},"schema":{"@context":"https:\/\/schema.org","@graph":[{"@type":"WebPage","@id":"http:\/\/www.frullani.com\/giardini\/progettazione-costruzione-realizzazione-giardini\/","url":"http:\/\/www.frullani.com\/giardini\/progettazione-costruzione-realizzazione-giardini\/","name":"Progettazione, costruzione e realizzazione giardini - Frullani Group","isPartOf":{"@id":"http:\/\/www.frullani.com\/#website"},"datePublished":"2018-01-03T15:27:12+00:00","dateModified":"2018-03-13T14:39:21+00:00","breadcrumb":{"@id":"http:\/\/www.frullani.com\/giardini\/progettazione-costruzione-realizzazione-giardini\/#breadcrumb"},"inLanguage":"it-IT","potentialAction":[{"@type":"ReadAction","target":["http:\/\/www.frullani.com\/giardini\/progettazione-costruzione-realizzazione-giardini\/"]}]},{"@type":"BreadcrumbList","@id":"http:\/\/www.frullani.com\/giardini\/progettazione-costruzione-realizzazione-giardini\/#breadcrumb","itemListElement":[{"@type":"ListItem","position":1,"name":"Home","item":"http:\/\/www.frullani.com\/"},{"@type":"ListItem","position":2,"name":"Giardini","item":"http:\/\/www.frullani.com\/giardini\/"},{"@type":"ListItem","position":3,"name":"Progettazione, costruzione e realizzazione giardini"}]},{"@type":"WebSite","@id":"http:\/\/www.frullani.com\/#website","url":"http:\/\/www.frullani.com\/","name":"Frullani Group","description":"Crafting Outdoor Experiences","potentialAction":[{"@type":"SearchAction","target":{"@type":"EntryPoint","urlTemplate":"http:\/\/www.frullani.com\/?s={search_term_string}"},"query-input":"required name=search_term_string"}],"inLanguage":"it-IT"}]}},"_links":{"self":[{"href":"http:\/\/www.frullani.com\/en_US\/wp-json\/wp\/v2\/pages\/22819"}],"collection":[{"href":"http:\/\/www.frullani.com\/en_US\/wp-json\/wp\/v2\/pages"}],"about":[{"href":"http:\/\/www.frullani.com\/en_US\/wp-json\/wp\/v2\/types\/page"}],"author":[{"embeddable":true,"href":"http:\/\/www.frullani.com\/en_US\/wp-json\/wp\/v2\/users\/2"}],"replies":[{"embeddable":true,"href":"http:\/\/www.frullani.com\/en_US\/wp-json\/wp\/v2\/comments?post=22819"}],"version-history":[{"count":29,"href":"http:\/\/www.frullani.com\/en_US\/wp-json\/wp\/v2\/pages\/22819\/revisions"}],"predecessor-version":[{"id":22913,"href":"http:\/\/www.frullani.com\/en_US\/wp-json\/wp\/v2\/pages\/22819\/revisions\/22913"}],"up":[{"embeddable":true,"href":"http:\/\/www.frullani.com\/en_US\/wp-json\/wp\/v2\/pages\/22777"}],"wp:attachment":[{"href":"http:\/\/www.frullani.com\/en_US\/wp-json\/wp\/v2\/media?parent=22819"}],"curies":[{"name":"wp","href":"https:\/\/api.w.org\/{rel}","templated":true}]}}